{"id":10,"date":"2016-12-17T15:45:16","date_gmt":"2016-12-17T14:45:16","guid":{"rendered":"http:\/\/sp6pwt.pwr.edu.pl\/?page_id=10"},"modified":"2017-01-02T20:19:53","modified_gmt":"2017-01-02T19:19:53","slug":"kontakt","status":"publish","type":"page","link":"https:\/\/sp6pwt.pwr.edu.pl\/index.php\/kontakt\/","title":{"rendered":"Kontakt"},"content":{"rendered":"<p>Mo\u017cesz si\u0119 z nami skontaktowa\u0107 osobi\u015bcie lub za po\u015brednictwem e-mail oraz Facebook (odno\u015bniki znajduj\u0105 si\u0119 na dole strony).<br \/>\nJe\u017celi jeste\u015b kr\u00f3tkofalowcem, mo\u017cesz si\u0119 z nami skontaktowa\u0107 r\u00f3wnie\u017c na cz\u0119stotliwo\u015bci 145.350 MHz oraz na lokalnych przemiennikach 2m\/70cm.<\/p>\n","protected":false},"excerpt":{"rendered":"<p>Mo\u017cesz si\u0119 z nami skontaktowa\u0107 osobi\u015bcie lub za po\u015brednictwem e-mail oraz Facebook (odno\u015bniki znajduj\u0105 si\u0119 na dole strony). Je\u017celi jeste\u015b kr\u00f3tkofalowcem, mo\u017cesz si\u0119 z nami skontaktowa\u0107 r\u00f3wnie\u017c na cz\u0119stotliwo\u015bci 145.350 &hellip; <\/p>\n<p class=\"link-more\"><a href=\"https:\/\/sp6pwt.pwr.edu.pl\/index.php\/kontakt\/\" class=\"more-link\">Czytaj dalej<span class=\"screen-reader-text\"> \u201eKontakt\u201d<\/span><\/a><\/p>\n","protected":false},"author":2,"featured_media":46,"parent":0,"menu_order":0,"comment_status":"closed","ping_status":"closed","template":"","meta":{"footnotes":""},"class_list":["post-10","page","type-page","status-publish","has-post-thumbnail","hentry"],"_links":{"self":[{"href":"https:\/\/sp6pwt.pwr.edu.pl\/index.php\/wp-json\/wp\/v2\/pages\/10","targetHints":{"allow":["GET"]}}],"collection":[{"href":"https:\/\/sp6pwt.pwr.edu.pl\/index.php\/wp-json\/wp\/v2\/pages"}],"about":[{"href":"https:\/\/sp6pwt.pwr.edu.pl\/index.php\/wp-json\/wp\/v2\/types\/page"}],"author":[{"embeddable":true,"href":"https:\/\/sp6pwt.pwr.edu.pl\/index.php\/wp-json\/wp\/v2\/users\/2"}],"replies":[{"embeddable":true,"href":"https:\/\/sp6pwt.pwr.edu.pl\/index.php\/wp-json\/wp\/v2\/comments?post=10"}],"version-history":[{"count":3,"href":"https:\/\/sp6pwt.pwr.edu.pl\/index.php\/wp-json\/wp\/v2\/pages\/10\/revisions"}],"predecessor-version":[{"id":82,"href":"https:\/\/sp6pwt.pwr.edu.pl\/index.php\/wp-json\/wp\/v2\/pages\/10\/revisions\/82"}],"wp:featuredmedia":[{"embeddable":true,"href":"https:\/\/sp6pwt.pwr.edu.pl\/index.php\/wp-json\/wp\/v2\/media\/46"}],"wp:attachment":[{"href":"https:\/\/sp6pwt.pwr.edu.pl\/index.php\/wp-json\/wp\/v2\/media?parent=10"}],"curies":[{"name":"wp","href":"https:\/\/api.w.org\/{rel}","templated":true}]}}