{"id":8,"date":"2017-01-02T15:45:16","date_gmt":"2017-01-02T14:45:16","guid":{"rendered":"http:\/\/sp6pwt.pwr.edu.pl\/?page_id=8"},"modified":"2017-01-02T19:53:23","modified_gmt":"2017-01-02T18:53:23","slug":"strona-glowna","status":"publish","type":"page","link":"https:\/\/sp6pwt.pwr.edu.pl\/","title":{"rendered":"STRONA G\u0141\u00d3WNA"},"content":{"rendered":"<p><strong>Witamy na stronie Studenckiego Klubu Kr\u00f3tkofalowc\u00f3w SP6PWT!<br \/>\nInformacje dotycz\u0105ce bie\u017c\u0105cej dzia\u0142alno\u015bci Klubu znajdziesz w zak\u0142adce <a href=\"http:\/\/sp6pwt.pwr.edu.pl\/index.php\/blog\/\">aktualno\u015bci<\/a>.<br \/>\n<\/strong><\/p>\n","protected":false},"excerpt":{"rendered":"<p>Witamy na stronie Studenckiego Klubu Kr\u00f3tkofalowc\u00f3w SP6PWT! Informacje dotycz\u0105ce bie\u017c\u0105cej dzia\u0142alno\u015bci Klubu znajdziesz w zak\u0142adce aktualno\u015bci.<\/p>\n","protected":false},"author":2,"featured_media":0,"parent":0,"menu_order":0,"comment_status":"closed","ping_status":"closed","template":"","meta":{"footnotes":""},"class_list":["post-8","page","type-page","status-publish","hentry"],"_links":{"self":[{"href":"https:\/\/sp6pwt.pwr.edu.pl\/index.php\/wp-json\/wp\/v2\/pages\/8","targetHints":{"allow":["GET"]}}],"collection":[{"href":"https:\/\/sp6pwt.pwr.edu.pl\/index.php\/wp-json\/wp\/v2\/pages"}],"about":[{"href":"https:\/\/sp6pwt.pwr.edu.pl\/index.php\/wp-json\/wp\/v2\/types\/page"}],"author":[{"embeddable":true,"href":"https:\/\/sp6pwt.pwr.edu.pl\/index.php\/wp-json\/wp\/v2\/users\/2"}],"replies":[{"embeddable":true,"href":"https:\/\/sp6pwt.pwr.edu.pl\/index.php\/wp-json\/wp\/v2\/comments?post=8"}],"version-history":[{"count":6,"href":"https:\/\/sp6pwt.pwr.edu.pl\/index.php\/wp-json\/wp\/v2\/pages\/8\/revisions"}],"predecessor-version":[{"id":67,"href":"https:\/\/sp6pwt.pwr.edu.pl\/index.php\/wp-json\/wp\/v2\/pages\/8\/revisions\/67"}],"wp:attachment":[{"href":"https:\/\/sp6pwt.pwr.edu.pl\/index.php\/wp-json\/wp\/v2\/media?parent=8"}],"curies":[{"name":"wp","href":"https:\/\/api.w.org\/{rel}","templated":true}]}}